{"id":267,"date":"2021-11-30T15:35:49","date_gmt":"2021-11-30T15:35:49","guid":{"rendered":"http:\/\/bedutch.winstgevers.nl\/product\/spiegel-tafelmodel-techno\/"},"modified":"2026-03-09T09:58:46","modified_gmt":"2026-03-09T09:58:46","slug":"mirror-techno","status":"publish","type":"product","link":"https:\/\/shop.hotek.nl\/fr\/product\/spiegel-tafelmodel-techno\/","title":{"rendered":"Miroir mod\u00e8le de table Techno"},"content":{"rendered":"<p>Le Mirror TECHNO est autonome, ce qui en fait le compl\u00e9ment parfait de tout h\u00f4tel et de toute salle de bains, de mani\u00e8re \u00e9l\u00e9gante et sans assemblage. Ces miroirs ne sont pas seulement adapt\u00e9s au rasage, mais sont \u00e9galement tr\u00e8s pratiques pour se maquiller ou porter des lentilles de contact.<\/p>","protected":false},"excerpt":{"rendered":"<p>Le Mirror TECHNO est autonome, ce qui en fait le compl\u00e9ment parfait de tout h\u00f4tel et de toute salle de bains, de mani\u00e8re \u00e9l\u00e9gante et sans assemblage. Ces miroirs ne sont pas seulement adapt\u00e9s au rasage, mais sont \u00e9galement tr\u00e8s pratiques pour se maquiller ou porter des lentilles de contact.<\/p>","protected":false},"featured_media":902,"template":"","meta":{"_acf_changed":false,"site-sidebar-layout":"default","site-content-layout":"default","ast-site-content-layout":"default","site-content-style":"default","site-sidebar-style":"default","ast-global-header-display":"","ast-banner-title-visibility":"","ast-main-header-display":"","ast-hfb-above-header-display":"","ast-hfb-below-header-display":"","ast-hfb-mobile-header-display":"","site-post-title":"","ast-breadcrumbs-content":"","ast-featured-img":"","footer-sml-layout":"","ast-disable-related-posts":"","theme-transparent-header-meta":"default","adv-header-id-meta":"","stick-header-meta":"","header-above-stick-meta":"","header-main-stick-meta":"","header-below-stick-meta":"","astra-migrate-meta-layouts":"set","ast-page-background-enabled":"default","ast-page-background-meta":{"desktop":{"background-color":"var(--ast-global-color-4)","background-image":"","background-repeat":"repeat","background-position":"center center","background-size":"auto","background-attachment":"scroll","background-type":"","background-media":"","overlay-type":"","overlay-color":"","overlay-opacity":"","overlay-gradient":""},"tablet":{"background-color":"","background-image":"","background-repeat":"repeat","background-position":"center center","background-size":"auto","background-attachment":"scroll","background-type":"","background-media":"","overlay-type":"","overlay-color":"","overlay-opacity":"","overlay-gradient":""},"mobile":{"background-color":"","background-image":"","background-repeat":"repeat","background-position":"center center","background-size":"auto","background-attachment":"scroll","background-type":"","background-media":"","overlay-type":"","overlay-color":"","overlay-opacity":"","overlay-gradient":""}},"ast-content-background-meta":{"desktop":{"background-color":"var(--ast-global-color-5)","background-image":"","background-repeat":"repeat","background-position":"center center","background-size":"auto","background-attachment":"scroll","background-type":"","background-media":"","overlay-type":"","overlay-color":"","overlay-opacity":"","overlay-gradient":""},"tablet":{"background-color":"var(--ast-global-color-5)","background-image":"","background-repeat":"repeat","background-position":"center center","background-size":"auto","background-attachment":"scroll","background-type":"","background-media":"","overlay-type":"","overlay-color":"","overlay-opacity":"","overlay-gradient":""},"mobile":{"background-color":"var(--ast-global-color-5)","background-image":"","background-repeat":"repeat","background-position":"center center","background-size":"auto","background-attachment":"scroll","background-type":"","background-media":"","overlay-type":"","overlay-color":"","overlay-opacity":"","overlay-gradient":""}}},"product_brand":[],"product_cat":[787,786,377],"product_tag":[],"class_list":{"0":"post-267","1":"product","2":"type-product","3":"status-publish","4":"has-post-thumbnail","6":"product_cat-avendra-assortiment","7":"product_cat-summer-deals","8":"product_cat-spiegels","9":"desktop-align-left","10":"tablet-align-left","11":"mobile-align-left","13":"first","14":"instock","15":"taxable","16":"shipping-taxable","17":"purchasable","18":"product-type-simple"},"acf":{"productsheet_en":1051,"productsheet_nl":1052,"productsheet_fr":6405,"productvideo":"https:\/\/youtu.be\/ZfxlbHnifqk","productvideo_thumbnail":"","productsheet_de":6406,"ean":"","usp_1":"Enkelzijdig","usp_2":"","usp_3":"","usp_4":"","usp_5":"","todays_offer":"","productnumber":"","verbergen_in_het_duits":false,"verbergen_in_het_frans":false,"verbergen_in_het_engels":false},"yoast_head":"<!-- This site is optimized with the Yoast SEO plugin v27.4 - https:\/\/yoast.com\/product\/yoast-seo-wordpress\/ -->\n<title>Spiegel tafelmodel TECHNO - Hotek Hospitality Group<\/title>\n<meta name=\"description\" content=\"Spiegel tafelmode TECHNO is vrijstaand, waardoor deze op een stijlvolle manier en zonder montage de perfecte aanvulling is voor ieder hotel.\" \/>\n<meta name=\"robots\" content=\"index, follow, max-snippet:-1, max-image-preview:large, max-video-preview:-1\" \/>\n<link rel=\"canonical\" href=\"https:\/\/shop.hotek.nl\/fr\/produit-2\/mirror-techno\/\" \/>\n<meta property=\"og:locale\" content=\"fr_FR\" \/>\n<meta property=\"og:type\" content=\"article\" \/>\n<meta property=\"og:title\" content=\"Spiegel tafelmodel TECHNO - Hotek Hospitality Group\" \/>\n<meta property=\"og:description\" content=\"Spiegel tafelmode TECHNO is vrijstaand, waardoor deze op een stijlvolle manier en zonder montage de perfecte aanvulling is voor ieder hotel.\" \/>\n<meta property=\"og:url\" content=\"https:\/\/shop.hotek.nl\/fr\/produit-2\/mirror-techno\/\" \/>\n<meta property=\"og:site_name\" content=\"Hotek Hospitality Group\" \/>\n<meta property=\"article:modified_time\" content=\"2026-03-09T09:58:46+00:00\" \/>\n<meta property=\"og:image\" content=\"https:\/\/shop.hotek.nl\/wp-content\/uploads\/2021\/11\/Spiegel-tafelmodel-TECHNO-1.jpg\" \/>\n\t<meta property=\"og:image:width\" content=\"600\" \/>\n\t<meta property=\"og:image:height\" content=\"600\" \/>\n\t<meta property=\"og:image:type\" content=\"image\/jpeg\" \/>\n<meta name=\"twitter:card\" content=\"summary_large_image\" \/>\n<script type=\"application\/ld+json\" class=\"yoast-schema-graph\">{\"@context\":\"https:\\\/\\\/schema.org\",\"@graph\":[{\"@type\":\"WebPage\",\"@id\":\"https:\\\/\\\/shop.hotek.nl\\\/product\\\/spiegel-tafelmodel-techno\\\/\",\"url\":\"https:\\\/\\\/shop.hotek.nl\\\/product\\\/spiegel-tafelmodel-techno\\\/\",\"name\":\"Spiegel tafelmodel TECHNO - Hotek Hospitality Group\",\"isPartOf\":{\"@id\":\"https:\\\/\\\/shop.hotek.nl\\\/en\\\/#website\"},\"primaryImageOfPage\":{\"@id\":\"https:\\\/\\\/shop.hotek.nl\\\/product\\\/spiegel-tafelmodel-techno\\\/#primaryimage\"},\"image\":{\"@id\":\"https:\\\/\\\/shop.hotek.nl\\\/product\\\/spiegel-tafelmodel-techno\\\/#primaryimage\"},\"thumbnailUrl\":\"https:\\\/\\\/shop.hotek.nl\\\/wp-content\\\/uploads\\\/2021\\\/11\\\/Spiegel-tafelmodel-TECHNO-1.jpg\",\"datePublished\":\"2021-11-30T15:35:49+00:00\",\"dateModified\":\"2026-03-09T09:58:46+00:00\",\"description\":\"Spiegel tafelmode TECHNO is vrijstaand, waardoor deze op een stijlvolle manier en zonder montage de perfecte aanvulling is voor ieder hotel.\",\"breadcrumb\":{\"@id\":\"https:\\\/\\\/shop.hotek.nl\\\/product\\\/spiegel-tafelmodel-techno\\\/#breadcrumb\"},\"inLanguage\":\"fr-FR\",\"potentialAction\":[{\"@type\":\"ReadAction\",\"target\":[\"https:\\\/\\\/shop.hotek.nl\\\/product\\\/spiegel-tafelmodel-techno\\\/\"]}]},{\"@type\":\"ImageObject\",\"inLanguage\":\"fr-FR\",\"@id\":\"https:\\\/\\\/shop.hotek.nl\\\/product\\\/spiegel-tafelmodel-techno\\\/#primaryimage\",\"url\":\"https:\\\/\\\/shop.hotek.nl\\\/wp-content\\\/uploads\\\/2021\\\/11\\\/Spiegel-tafelmodel-TECHNO-1.jpg\",\"contentUrl\":\"https:\\\/\\\/shop.hotek.nl\\\/wp-content\\\/uploads\\\/2021\\\/11\\\/Spiegel-tafelmodel-TECHNO-1.jpg\",\"width\":600,\"height\":600,\"caption\":\"Spiegel tafelmodel TECHNO-1\"},{\"@type\":\"BreadcrumbList\",\"@id\":\"https:\\\/\\\/shop.hotek.nl\\\/product\\\/spiegel-tafelmodel-techno\\\/#breadcrumb\",\"itemListElement\":[{\"@type\":\"ListItem\",\"position\":1,\"name\":\"Home\",\"item\":\"https:\\\/\\\/shop.hotek.nl\\\/\"},{\"@type\":\"ListItem\",\"position\":2,\"name\":\"Assortiment\",\"item\":\"https:\\\/\\\/shop.hotek.nl\\\/en\\\/shop\\\/\"},{\"@type\":\"ListItem\",\"position\":3,\"name\":\"Spiegel tafelmodel TECHNO\"}]},{\"@type\":\"WebSite\",\"@id\":\"https:\\\/\\\/shop.hotek.nl\\\/en\\\/#website\",\"url\":\"https:\\\/\\\/shop.hotek.nl\\\/en\\\/\",\"name\":\"Hotek Hospitality Group\",\"description\":\"\",\"publisher\":{\"@id\":\"https:\\\/\\\/shop.hotek.nl\\\/en\\\/#organization\"},\"potentialAction\":[{\"@type\":\"SearchAction\",\"target\":{\"@type\":\"EntryPoint\",\"urlTemplate\":\"https:\\\/\\\/shop.hotek.nl\\\/en\\\/?s={search_term_string}\"},\"query-input\":{\"@type\":\"PropertyValueSpecification\",\"valueRequired\":true,\"valueName\":\"search_term_string\"}}],\"inLanguage\":\"fr-FR\"},{\"@type\":\"Organization\",\"@id\":\"https:\\\/\\\/shop.hotek.nl\\\/en\\\/#organization\",\"name\":\"Hotek Hospitality Group\",\"url\":\"https:\\\/\\\/shop.hotek.nl\\\/en\\\/\",\"logo\":{\"@type\":\"ImageObject\",\"inLanguage\":\"fr-FR\",\"@id\":\"https:\\\/\\\/shop.hotek.nl\\\/en\\\/#\\\/schema\\\/logo\\\/image\\\/\",\"url\":\"https:\\\/\\\/shop.hotek.nl\\\/wp-content\\\/uploads\\\/2023\\\/11\\\/Group-11.svg\",\"contentUrl\":\"https:\\\/\\\/shop.hotek.nl\\\/wp-content\\\/uploads\\\/2023\\\/11\\\/Group-11.svg\",\"width\":227,\"height\":93,\"caption\":\"Hotek Hospitality Group\"},\"image\":{\"@id\":\"https:\\\/\\\/shop.hotek.nl\\\/en\\\/#\\\/schema\\\/logo\\\/image\\\/\"}}]}<\/script>\n<!-- \/ Yoast SEO plugin. -->","yoast_head_json":{"title":"Miroir de table TECHNO \u2013 Hotek Hospitality Group","description":"La table miroir fashion TECHNO est autonome, ce qui en fait, de mani\u00e8re \u00e9l\u00e9gante et sans montage, le compl\u00e9ment parfait pour chaque h\u00f4tel.","robots":{"index":"index","follow":"follow","max-snippet":"max-snippet:-1","max-image-preview":"max-image-preview:large","max-video-preview":"max-video-preview:-1"},"canonical":"https:\/\/shop.hotek.nl\/fr\/produit-2\/mirror-techno\/","og_locale":"fr_FR","og_type":"article","og_title":"Spiegel tafelmodel TECHNO - Hotek Hospitality Group","og_description":"Spiegel tafelmode TECHNO is vrijstaand, waardoor deze op een stijlvolle manier en zonder montage de perfecte aanvulling is voor ieder hotel.","og_url":"https:\/\/shop.hotek.nl\/fr\/produit-2\/mirror-techno\/","og_site_name":"Hotek Hospitality Group","article_modified_time":"2026-03-09T09:58:46+00:00","og_image":[{"width":600,"height":600,"url":"https:\/\/shop.hotek.nl\/wp-content\/uploads\/2021\/11\/Spiegel-tafelmodel-TECHNO-1.jpg","type":"image\/jpeg"}],"twitter_card":"summary_large_image","schema":{"@context":"https:\/\/schema.org","@graph":[{"@type":"WebPage","@id":"https:\/\/shop.hotek.nl\/product\/spiegel-tafelmodel-techno\/","url":"https:\/\/shop.hotek.nl\/product\/spiegel-tafelmodel-techno\/","name":"Miroir de table TECHNO \u2013 Hotek Hospitality Group","isPartOf":{"@id":"https:\/\/shop.hotek.nl\/en\/#website"},"primaryImageOfPage":{"@id":"https:\/\/shop.hotek.nl\/product\/spiegel-tafelmodel-techno\/#primaryimage"},"image":{"@id":"https:\/\/shop.hotek.nl\/product\/spiegel-tafelmodel-techno\/#primaryimage"},"thumbnailUrl":"https:\/\/shop.hotek.nl\/wp-content\/uploads\/2021\/11\/Spiegel-tafelmodel-TECHNO-1.jpg","datePublished":"2021-11-30T15:35:49+00:00","dateModified":"2026-03-09T09:58:46+00:00","description":"La table miroir fashion TECHNO est autonome, ce qui en fait, de mani\u00e8re \u00e9l\u00e9gante et sans montage, le compl\u00e9ment parfait pour chaque h\u00f4tel.","breadcrumb":{"@id":"https:\/\/shop.hotek.nl\/product\/spiegel-tafelmodel-techno\/#breadcrumb"},"inLanguage":"fr-FR","potentialAction":[{"@type":"ReadAction","target":["https:\/\/shop.hotek.nl\/product\/spiegel-tafelmodel-techno\/"]}]},{"@type":"ImageObject","inLanguage":"fr-FR","@id":"https:\/\/shop.hotek.nl\/product\/spiegel-tafelmodel-techno\/#primaryimage","url":"https:\/\/shop.hotek.nl\/wp-content\/uploads\/2021\/11\/Spiegel-tafelmodel-TECHNO-1.jpg","contentUrl":"https:\/\/shop.hotek.nl\/wp-content\/uploads\/2021\/11\/Spiegel-tafelmodel-TECHNO-1.jpg","width":600,"height":600,"caption":"Spiegel tafelmodel TECHNO-1"},{"@type":"BreadcrumbList","@id":"https:\/\/shop.hotek.nl\/product\/spiegel-tafelmodel-techno\/#breadcrumb","itemListElement":[{"@type":"ListItem","position":1,"name":"Home","item":"https:\/\/shop.hotek.nl\/"},{"@type":"ListItem","position":2,"name":"Assortiment","item":"https:\/\/shop.hotek.nl\/en\/shop\/"},{"@type":"ListItem","position":3,"name":"Spiegel tafelmodel TECHNO"}]},{"@type":"WebSite","@id":"https:\/\/shop.hotek.nl\/en\/#website","url":"https:\/\/shop.hotek.nl\/en\/","name":"Hotek Hospitality Group","description":"","publisher":{"@id":"https:\/\/shop.hotek.nl\/en\/#organization"},"potentialAction":[{"@type":"SearchAction","target":{"@type":"EntryPoint","urlTemplate":"https:\/\/shop.hotek.nl\/en\/?s={search_term_string}"},"query-input":{"@type":"PropertyValueSpecification","valueRequired":true,"valueName":"search_term_string"}}],"inLanguage":"fr-FR"},{"@type":"Organization","@id":"https:\/\/shop.hotek.nl\/en\/#organization","name":"Hotek Hospitality Group","url":"https:\/\/shop.hotek.nl\/en\/","logo":{"@type":"ImageObject","inLanguage":"fr-FR","@id":"https:\/\/shop.hotek.nl\/en\/#\/schema\/logo\/image\/","url":"https:\/\/shop.hotek.nl\/wp-content\/uploads\/2023\/11\/Group-11.svg","contentUrl":"https:\/\/shop.hotek.nl\/wp-content\/uploads\/2023\/11\/Group-11.svg","width":227,"height":93,"caption":"Hotek Hospitality Group"},"image":{"@id":"https:\/\/shop.hotek.nl\/en\/#\/schema\/logo\/image\/"}}]}},"_links":{"self":[{"href":"https:\/\/shop.hotek.nl\/fr\/wp-json\/wp\/v2\/product\/267","targetHints":{"allow":["GET"]}}],"collection":[{"href":"https:\/\/shop.hotek.nl\/fr\/wp-json\/wp\/v2\/product"}],"about":[{"href":"https:\/\/shop.hotek.nl\/fr\/wp-json\/wp\/v2\/types\/product"}],"wp:featuredmedia":[{"embeddable":true,"href":"https:\/\/shop.hotek.nl\/fr\/wp-json\/wp\/v2\/media\/902"}],"wp:attachment":[{"href":"https:\/\/shop.hotek.nl\/fr\/wp-json\/wp\/v2\/media?parent=267"}],"wp:term":[{"taxonomy":"product_brand","embeddable":true,"href":"https:\/\/shop.hotek.nl\/fr\/wp-json\/wp\/v2\/product_brand?post=267"},{"taxonomy":"product_cat","embeddable":true,"href":"https:\/\/shop.hotek.nl\/fr\/wp-json\/wp\/v2\/product_cat?post=267"},{"taxonomy":"product_tag","embeddable":true,"href":"https:\/\/shop.hotek.nl\/fr\/wp-json\/wp\/v2\/product_tag?post=267"}],"curies":[{"name":"wp","href":"https:\/\/api.w.org\/{rel}","templated":true}]}}