{"id":356,"date":"2021-11-30T15:36:18","date_gmt":"2021-11-30T15:36:18","guid":{"rendered":"http:\/\/bedutch.winstgevers.nl\/product\/wallbar-mini\/"},"modified":"2026-03-06T14:23:11","modified_gmt":"2026-03-06T14:23:11","slug":"minibar-mini","status":"publish","type":"product","link":"https:\/\/shop.hotek.nl\/fr\/product\/wallbar-mini\/","title":{"rendered":"Wallbar Minibar"},"content":{"rendered":"<p>Les WALLBAR MINI sont \u00e9quip\u00e9s d'un syst\u00e8me de refroidissement Peltier, ce qui signifie qu'ils sont sans vibrations et donc totalement silencieux. Il consomme 50 % d'\u00e9nergie en moins qu'un minibar traditionnel et ne contient pas de CFC (ce qui correspond au programme Clef Verte), ce qui vous permet de contribuer \u00e0 un meilleur environnement et d'\u00e9conomiser sur vos frais de fonctionnement. Le wallbar est fix\u00e9 au mur par un crochet et a une temp\u00e9rature de refroidissement de 7-16 \u00b0 C.<\/p>\n<p>L'\u00e9clairage LED \u00e0 l'int\u00e9rieur donne un aspect luxueux, et la porte en mousse avec verre miroir luxueux donne un aspect luxueux.<\/p>","protected":false},"excerpt":{"rendered":"<p>Minibar 12L | 0,31 kWh\/24h<\/p>\n<p>Les minibars sont emball\u00e9s sur une mini-palette pour les prot\u00e9ger ; le suppl\u00e9ment est calcul\u00e9 lors du paiement.<\/p>","protected":false},"featured_media":1598,"template":"","meta":{"_acf_changed":false,"site-sidebar-layout":"default","site-content-layout":"default","ast-site-content-layout":"default","site-content-style":"default","site-sidebar-style":"default","ast-global-header-display":"","ast-banner-title-visibility":"","ast-main-header-display":"","ast-hfb-above-header-display":"","ast-hfb-below-header-display":"","ast-hfb-mobile-header-display":"","site-post-title":"","ast-breadcrumbs-content":"","ast-featured-img":"","footer-sml-layout":"","ast-disable-related-posts":"","theme-transparent-header-meta":"default","adv-header-id-meta":"","stick-header-meta":"","header-above-stick-meta":"","header-main-stick-meta":"","header-below-stick-meta":"","astra-migrate-meta-layouts":"set","ast-page-background-enabled":"default","ast-page-background-meta":{"desktop":{"background-color":"var(--ast-global-color-4)","background-image":"","background-repeat":"repeat","background-position":"center center","background-size":"auto","background-attachment":"scroll","background-type":"","background-media":"","overlay-type":"","overlay-color":"","overlay-opacity":"","overlay-gradient":""},"tablet":{"background-color":"","background-image":"","background-repeat":"repeat","background-position":"center center","background-size":"auto","background-attachment":"scroll","background-type":"","background-media":"","overlay-type":"","overlay-color":"","overlay-opacity":"","overlay-gradient":""},"mobile":{"background-color":"","background-image":"","background-repeat":"repeat","background-position":"center center","background-size":"auto","background-attachment":"scroll","background-type":"","background-media":"","overlay-type":"","overlay-color":"","overlay-opacity":"","overlay-gradient":""}},"ast-content-background-meta":{"desktop":{"background-color":"var(--ast-global-color-5)","background-image":"","background-repeat":"repeat","background-position":"center center","background-size":"auto","background-attachment":"scroll","background-type":"","background-media":"","overlay-type":"","overlay-color":"","overlay-opacity":"","overlay-gradient":""},"tablet":{"background-color":"var(--ast-global-color-5)","background-image":"","background-repeat":"repeat","background-position":"center center","background-size":"auto","background-attachment":"scroll","background-type":"","background-media":"","overlay-type":"","overlay-color":"","overlay-opacity":"","overlay-gradient":""},"mobile":{"background-color":"var(--ast-global-color-5)","background-image":"","background-repeat":"repeat","background-position":"center center","background-size":"auto","background-attachment":"scroll","background-type":"","background-media":"","overlay-type":"","overlay-color":"","overlay-opacity":"","overlay-gradient":""}}},"product_brand":[],"product_cat":[787,35],"product_tag":[],"class_list":{"0":"post-356","1":"product","2":"type-product","3":"status-publish","4":"has-post-thumbnail","6":"product_cat-avendra-assortiment","7":"product_cat-minibars","8":"product_shipping_class-minibar","9":"desktop-align-left","10":"tablet-align-left","11":"mobile-align-left","13":"first","14":"onbackorder","15":"taxable","16":"shipping-taxable","17":"purchasable","18":"product-type-simple"},"acf":{"productsheet_en":1596,"productsheet_nl":1597,"productsheet_fr":6765,"productvideo":"https:\/\/youtu.be\/XX2GG0Mn9mg","productvideo_thumbnail":"","productsheet_de":6766,"ean":"","usp_1":"Breedte 402 mm","usp_2":"Diepte 222 mm","usp_3":"Hoogte 522 mm","usp_4":"","usp_5":"","todays_offer":"","productnumber":"","verbergen_in_het_duits":false,"verbergen_in_het_frans":false,"verbergen_in_het_engels":false},"yoast_head":"<!-- This site is optimized with the Yoast SEO plugin v27.4 - https:\/\/yoast.com\/product\/yoast-seo-wordpress\/ -->\n<title>Wallbar MINI - Hotek Hospitality Group<\/title>\n<meta name=\"description\" content=\"Wallbar MINI. De LED verlichting binnenin en de foamdeur met luxe spiegelglas zorgen voor een luxe uitstraling. Bestel direct in onze webshop\" \/>\n<meta name=\"robots\" content=\"index, follow, max-snippet:-1, max-image-preview:large, max-video-preview:-1\" \/>\n<link rel=\"canonical\" href=\"https:\/\/shop.hotek.nl\/fr\/produit-2\/minibar-mini\/\" \/>\n<meta property=\"og:locale\" content=\"fr_FR\" \/>\n<meta property=\"og:type\" content=\"article\" \/>\n<meta property=\"og:title\" content=\"Wallbar MINI - Hotek Hospitality Group\" \/>\n<meta property=\"og:description\" content=\"Wallbar MINI. De LED verlichting binnenin en de foamdeur met luxe spiegelglas zorgen voor een luxe uitstraling. Bestel direct in onze webshop\" \/>\n<meta property=\"og:url\" content=\"https:\/\/shop.hotek.nl\/fr\/produit-2\/minibar-mini\/\" \/>\n<meta property=\"og:site_name\" content=\"Hotek Hospitality Group\" \/>\n<meta property=\"article:modified_time\" content=\"2026-03-06T14:23:11+00:00\" \/>\n<meta property=\"og:image\" content=\"https:\/\/shop.hotek.nl\/wp-content\/uploads\/2021\/11\/Wallbar-MINI-1.jpg\" \/>\n\t<meta property=\"og:image:width\" content=\"600\" \/>\n\t<meta property=\"og:image:height\" content=\"600\" \/>\n\t<meta property=\"og:image:type\" content=\"image\/jpeg\" \/>\n<meta name=\"twitter:card\" content=\"summary_large_image\" \/>\n<script type=\"application\/ld+json\" class=\"yoast-schema-graph\">{\"@context\":\"https:\\\/\\\/schema.org\",\"@graph\":[{\"@type\":\"WebPage\",\"@id\":\"https:\\\/\\\/shop.hotek.nl\\\/product\\\/wallbar-mini\\\/\",\"url\":\"https:\\\/\\\/shop.hotek.nl\\\/product\\\/wallbar-mini\\\/\",\"name\":\"Wallbar MINI - Hotek Hospitality Group\",\"isPartOf\":{\"@id\":\"https:\\\/\\\/shop.hotek.nl\\\/en\\\/#website\"},\"primaryImageOfPage\":{\"@id\":\"https:\\\/\\\/shop.hotek.nl\\\/product\\\/wallbar-mini\\\/#primaryimage\"},\"image\":{\"@id\":\"https:\\\/\\\/shop.hotek.nl\\\/product\\\/wallbar-mini\\\/#primaryimage\"},\"thumbnailUrl\":\"https:\\\/\\\/shop.hotek.nl\\\/wp-content\\\/uploads\\\/2021\\\/11\\\/Wallbar-MINI-1.jpg\",\"datePublished\":\"2021-11-30T15:36:18+00:00\",\"dateModified\":\"2026-03-06T14:23:11+00:00\",\"description\":\"Wallbar MINI. De LED verlichting binnenin en de foamdeur met luxe spiegelglas zorgen voor een luxe uitstraling. Bestel direct in onze webshop\",\"breadcrumb\":{\"@id\":\"https:\\\/\\\/shop.hotek.nl\\\/product\\\/wallbar-mini\\\/#breadcrumb\"},\"inLanguage\":\"fr-FR\",\"potentialAction\":[{\"@type\":\"ReadAction\",\"target\":[\"https:\\\/\\\/shop.hotek.nl\\\/product\\\/wallbar-mini\\\/\"]}]},{\"@type\":\"ImageObject\",\"inLanguage\":\"fr-FR\",\"@id\":\"https:\\\/\\\/shop.hotek.nl\\\/product\\\/wallbar-mini\\\/#primaryimage\",\"url\":\"https:\\\/\\\/shop.hotek.nl\\\/wp-content\\\/uploads\\\/2021\\\/11\\\/Wallbar-MINI-1.jpg\",\"contentUrl\":\"https:\\\/\\\/shop.hotek.nl\\\/wp-content\\\/uploads\\\/2021\\\/11\\\/Wallbar-MINI-1.jpg\",\"width\":600,\"height\":600,\"caption\":\"Wallbar MINI-1\"},{\"@type\":\"BreadcrumbList\",\"@id\":\"https:\\\/\\\/shop.hotek.nl\\\/product\\\/wallbar-mini\\\/#breadcrumb\",\"itemListElement\":[{\"@type\":\"ListItem\",\"position\":1,\"name\":\"Home\",\"item\":\"https:\\\/\\\/shop.hotek.nl\\\/\"},{\"@type\":\"ListItem\",\"position\":2,\"name\":\"Assortiment\",\"item\":\"https:\\\/\\\/shop.hotek.nl\\\/en\\\/shop\\\/\"},{\"@type\":\"ListItem\",\"position\":3,\"name\":\"Wallbar MINI\"}]},{\"@type\":\"WebSite\",\"@id\":\"https:\\\/\\\/shop.hotek.nl\\\/en\\\/#website\",\"url\":\"https:\\\/\\\/shop.hotek.nl\\\/en\\\/\",\"name\":\"Hotek Hospitality Group\",\"description\":\"\",\"publisher\":{\"@id\":\"https:\\\/\\\/shop.hotek.nl\\\/en\\\/#organization\"},\"potentialAction\":[{\"@type\":\"SearchAction\",\"target\":{\"@type\":\"EntryPoint\",\"urlTemplate\":\"https:\\\/\\\/shop.hotek.nl\\\/en\\\/?s={search_term_string}\"},\"query-input\":{\"@type\":\"PropertyValueSpecification\",\"valueRequired\":true,\"valueName\":\"search_term_string\"}}],\"inLanguage\":\"fr-FR\"},{\"@type\":\"Organization\",\"@id\":\"https:\\\/\\\/shop.hotek.nl\\\/en\\\/#organization\",\"name\":\"Hotek Hospitality Group\",\"url\":\"https:\\\/\\\/shop.hotek.nl\\\/en\\\/\",\"logo\":{\"@type\":\"ImageObject\",\"inLanguage\":\"fr-FR\",\"@id\":\"https:\\\/\\\/shop.hotek.nl\\\/en\\\/#\\\/schema\\\/logo\\\/image\\\/\",\"url\":\"https:\\\/\\\/shop.hotek.nl\\\/wp-content\\\/uploads\\\/2023\\\/11\\\/Group-11.svg\",\"contentUrl\":\"https:\\\/\\\/shop.hotek.nl\\\/wp-content\\\/uploads\\\/2023\\\/11\\\/Group-11.svg\",\"width\":227,\"height\":93,\"caption\":\"Hotek Hospitality Group\"},\"image\":{\"@id\":\"https:\\\/\\\/shop.hotek.nl\\\/en\\\/#\\\/schema\\\/logo\\\/image\\\/\"}}]}<\/script>\n<!-- \/ Yoast SEO plugin. -->","yoast_head_json":{"title":"Wallbar MINI \u2013 Hotek Hospitality Group","description":"Barre murale MINI. L'\u00e9clairage LED \u00e0 l'int\u00e9rieur et la porte en mousse avec verre miroir de luxe assurent un aspect luxueux. Commandez directement dans notre boutique en ligne","robots":{"index":"index","follow":"follow","max-snippet":"max-snippet:-1","max-image-preview":"max-image-preview:large","max-video-preview":"max-video-preview:-1"},"canonical":"https:\/\/shop.hotek.nl\/fr\/produit-2\/minibar-mini\/","og_locale":"fr_FR","og_type":"article","og_title":"Wallbar MINI - Hotek Hospitality Group","og_description":"Wallbar MINI. De LED verlichting binnenin en de foamdeur met luxe spiegelglas zorgen voor een luxe uitstraling. Bestel direct in onze webshop","og_url":"https:\/\/shop.hotek.nl\/fr\/produit-2\/minibar-mini\/","og_site_name":"Hotek Hospitality Group","article_modified_time":"2026-03-06T14:23:11+00:00","og_image":[{"width":600,"height":600,"url":"https:\/\/shop.hotek.nl\/wp-content\/uploads\/2021\/11\/Wallbar-MINI-1.jpg","type":"image\/jpeg"}],"twitter_card":"summary_large_image","schema":{"@context":"https:\/\/schema.org","@graph":[{"@type":"WebPage","@id":"https:\/\/shop.hotek.nl\/product\/wallbar-mini\/","url":"https:\/\/shop.hotek.nl\/product\/wallbar-mini\/","name":"Wallbar MINI \u2013 Hotek Hospitality Group","isPartOf":{"@id":"https:\/\/shop.hotek.nl\/en\/#website"},"primaryImageOfPage":{"@id":"https:\/\/shop.hotek.nl\/product\/wallbar-mini\/#primaryimage"},"image":{"@id":"https:\/\/shop.hotek.nl\/product\/wallbar-mini\/#primaryimage"},"thumbnailUrl":"https:\/\/shop.hotek.nl\/wp-content\/uploads\/2021\/11\/Wallbar-MINI-1.jpg","datePublished":"2021-11-30T15:36:18+00:00","dateModified":"2026-03-06T14:23:11+00:00","description":"Barre murale MINI. L'\u00e9clairage LED \u00e0 l'int\u00e9rieur et la porte en mousse avec verre miroir de luxe assurent un aspect luxueux. Commandez directement dans notre boutique en ligne","breadcrumb":{"@id":"https:\/\/shop.hotek.nl\/product\/wallbar-mini\/#breadcrumb"},"inLanguage":"fr-FR","potentialAction":[{"@type":"ReadAction","target":["https:\/\/shop.hotek.nl\/product\/wallbar-mini\/"]}]},{"@type":"ImageObject","inLanguage":"fr-FR","@id":"https:\/\/shop.hotek.nl\/product\/wallbar-mini\/#primaryimage","url":"https:\/\/shop.hotek.nl\/wp-content\/uploads\/2021\/11\/Wallbar-MINI-1.jpg","contentUrl":"https:\/\/shop.hotek.nl\/wp-content\/uploads\/2021\/11\/Wallbar-MINI-1.jpg","width":600,"height":600,"caption":"Wallbar MINI-1"},{"@type":"BreadcrumbList","@id":"https:\/\/shop.hotek.nl\/product\/wallbar-mini\/#breadcrumb","itemListElement":[{"@type":"ListItem","position":1,"name":"Home","item":"https:\/\/shop.hotek.nl\/"},{"@type":"ListItem","position":2,"name":"Assortiment","item":"https:\/\/shop.hotek.nl\/en\/shop\/"},{"@type":"ListItem","position":3,"name":"Wallbar MINI"}]},{"@type":"WebSite","@id":"https:\/\/shop.hotek.nl\/en\/#website","url":"https:\/\/shop.hotek.nl\/en\/","name":"Hotek Hospitality Group","description":"","publisher":{"@id":"https:\/\/shop.hotek.nl\/en\/#organization"},"potentialAction":[{"@type":"SearchAction","target":{"@type":"EntryPoint","urlTemplate":"https:\/\/shop.hotek.nl\/en\/?s={search_term_string}"},"query-input":{"@type":"PropertyValueSpecification","valueRequired":true,"valueName":"search_term_string"}}],"inLanguage":"fr-FR"},{"@type":"Organization","@id":"https:\/\/shop.hotek.nl\/en\/#organization","name":"Hotek Hospitality Group","url":"https:\/\/shop.hotek.nl\/en\/","logo":{"@type":"ImageObject","inLanguage":"fr-FR","@id":"https:\/\/shop.hotek.nl\/en\/#\/schema\/logo\/image\/","url":"https:\/\/shop.hotek.nl\/wp-content\/uploads\/2023\/11\/Group-11.svg","contentUrl":"https:\/\/shop.hotek.nl\/wp-content\/uploads\/2023\/11\/Group-11.svg","width":227,"height":93,"caption":"Hotek Hospitality Group"},"image":{"@id":"https:\/\/shop.hotek.nl\/en\/#\/schema\/logo\/image\/"}}]}},"_links":{"self":[{"href":"https:\/\/shop.hotek.nl\/fr\/wp-json\/wp\/v2\/product\/356","targetHints":{"allow":["GET"]}}],"collection":[{"href":"https:\/\/shop.hotek.nl\/fr\/wp-json\/wp\/v2\/product"}],"about":[{"href":"https:\/\/shop.hotek.nl\/fr\/wp-json\/wp\/v2\/types\/product"}],"wp:featuredmedia":[{"embeddable":true,"href":"https:\/\/shop.hotek.nl\/fr\/wp-json\/wp\/v2\/media\/1598"}],"wp:attachment":[{"href":"https:\/\/shop.hotek.nl\/fr\/wp-json\/wp\/v2\/media?parent=356"}],"wp:term":[{"taxonomy":"product_brand","embeddable":true,"href":"https:\/\/shop.hotek.nl\/fr\/wp-json\/wp\/v2\/product_brand?post=356"},{"taxonomy":"product_cat","embeddable":true,"href":"https:\/\/shop.hotek.nl\/fr\/wp-json\/wp\/v2\/product_cat?post=356"},{"taxonomy":"product_tag","embeddable":true,"href":"https:\/\/shop.hotek.nl\/fr\/wp-json\/wp\/v2\/product_tag?post=356"}],"curies":[{"name":"wp","href":"https:\/\/api.w.org\/{rel}","templated":true}]}}